{"id":364,"date":"2022-06-27T18:57:06","date_gmt":"2022-06-27T16:57:06","guid":{"rendered":"https:\/\/ttp-kunststoffprofile.de\/haendlersuche\/"},"modified":"2022-11-09T17:38:30","modified_gmt":"2022-11-09T16:38:30","slug":"haendlersuche","status":"publish","type":"page","link":"https:\/\/www.ttp-kunststoffprofile.de\/nl\/resysta\/haendlersuche\/","title":{"rendered":"Dealer zoeken"},"content":{"rendered":"<div data-elementor-type=\"wp-page\" data-elementor-id=\"364\" class=\"elementor elementor-364\" data-elementor-post-type=\"page\">\n\t\t\t\t\t\t<section class=\"elementor-section elementor-top-section elementor-element elementor-element-62e4c9dc elementor-section-boxed elementor-section-height-default elementor-section-height-default\" data-id=\"62e4c9dc\" data-element_type=\"section\" data-e-type=\"section\">\n\t\t\t\t\t\t<div class=\"elementor-container elementor-column-gap-default\">\n\t\t\t\t\t<div class=\"elementor-column elementor-col-100 elementor-top-column elementor-element elementor-element-42217d68\" data-id=\"42217d68\" data-element_type=\"column\" data-e-type=\"column\">\n\t\t\t<div class=\"elementor-widget-wrap elementor-element-populated\">\n\t\t\t\t\t\t<div class=\"elementor-element elementor-element-5db82240 elementor-align-left elementor-widget elementor-widget-breadcrumbs\" data-id=\"5db82240\" data-element_type=\"widget\" data-e-type=\"widget\" data-widget_type=\"breadcrumbs.default\">\n\t\t\t\t<div class=\"elementor-widget-container\">\n\t\t\t\t\t<p id=\"breadcrumbs\"><span><span><a href=\"https:\/\/www.ttp-kunststoffprofile.de\/nl\/\">Homepage<\/a><\/span><\/span><\/p>\t\t\t\t<\/div>\n\t\t\t\t<\/div>\n\t\t\t\t\t<\/div>\n\t\t<\/div>\n\t\t\t\t\t<\/div>\n\t\t<\/section>\n\t\t\t\t<section class=\"elementor-section elementor-top-section elementor-element elementor-element-5d3eff4 elementor-section-boxed elementor-section-height-default elementor-section-height-default\" data-id=\"5d3eff4\" data-element_type=\"section\" data-e-type=\"section\">\n\t\t\t\t\t\t<div class=\"elementor-container elementor-column-gap-default\">\n\t\t\t\t\t<div class=\"elementor-column elementor-col-100 elementor-top-column elementor-element elementor-element-2f4c4cb0\" data-id=\"2f4c4cb0\" data-element_type=\"column\" data-e-type=\"column\">\n\t\t\t<div class=\"elementor-widget-wrap elementor-element-populated\">\n\t\t\t\t\t\t<div class=\"elementor-element elementor-element-2b49c545 elementor-widget elementor-widget-heading\" data-id=\"2b49c545\" data-element_type=\"widget\" data-e-type=\"widget\" data-widget_type=\"heading.default\">\n\t\t\t\t<div class=\"elementor-widget-container\">\n\t\t\t\t\t<p class=\"elementor-heading-title elementor-size-default\">Waar kunt u onze producten kopen<\/p>\t\t\t\t<\/div>\n\t\t\t\t<\/div>\n\t\t\t\t<div class=\"elementor-element elementor-element-48f06838 elementor-widget elementor-widget-heading\" data-id=\"48f06838\" data-element_type=\"widget\" data-e-type=\"widget\" data-widget_type=\"heading.default\">\n\t\t\t\t<div class=\"elementor-widget-container\">\n\t\t\t\t\t<h2 class=\"elementor-heading-title elementor-size-default\">Dealer zoeken<\/h2>\t\t\t\t<\/div>\n\t\t\t\t<\/div>\n\t\t\t\t<div class=\"elementor-element elementor-element-27edd0eb elementor-widget elementor-widget-text-editor\" data-id=\"27edd0eb\" data-element_type=\"widget\" data-e-type=\"widget\" data-widget_type=\"text-editor.default\">\n\t\t\t\t<div class=\"elementor-widget-container\">\n\t\t\t\t\t\t\t\t\t<p>Bent u enthousiast over de vele toepassingen van onze buitenprofielen en wilt u ze gebruiken om uw eigen huis te verfraaien?<\/p><p>Met de dealerzoekfunctie vindt u gemakkelijk een partner bij u in de buurt!<\/p>\t\t\t\t\t\t\t\t<\/div>\n\t\t\t\t<\/div>\n\t\t\t\t\t<\/div>\n\t\t<\/div>\n\t\t\t\t\t<\/div>\n\t\t<\/section>\n\t\t\t\t<section class=\"elementor-section elementor-top-section elementor-element elementor-element-31975f69 elementor-section-boxed elementor-section-height-default elementor-section-height-default\" data-id=\"31975f69\" data-element_type=\"section\" data-e-type=\"section\">\n\t\t\t\t\t\t<div class=\"elementor-container elementor-column-gap-default\">\n\t\t\t\t\t<div class=\"elementor-column elementor-col-100 elementor-top-column elementor-element elementor-element-364ba077\" data-id=\"364ba077\" data-element_type=\"column\" data-e-type=\"column\">\n\t\t\t<div class=\"elementor-widget-wrap elementor-element-populated\">\n\t\t\t\t\t\t<div class=\"elementor-element elementor-element-5c831b3 elementor-widget elementor-widget-shortcode\" data-id=\"5c831b3\" data-element_type=\"widget\" data-e-type=\"widget\" data-widget_type=\"shortcode.default\">\n\t\t\t\t<div class=\"elementor-widget-container\">\n\t\t\t\t\t\t\t<div class=\"elementor-shortcode\"><style type=\"text\/css\" id=\"umsMapStyles_1_4618\">\r\n    #ultimate_maps_1_4618 {\r\n        width: 100%;\r\n        height: 600px;\r\n                border: 0px solid ;\r\n        margin: 0px;\r\n    }\r\n    #mapsControlsNum_1_4618 {\r\n        width:100%    }\r\n    .umsMapDetailsContainer#umsMapDetailsContainer_1_4618 {\r\n        height:600px;\r\n    }\r\n    .ums_MapPreview#ultimate_maps_1_4618 {\r\n        \/*position:absolute;*\/\r\n        width:100%;\r\n    }\r\n    #mapConElem_1_4618{\r\n        width:100%    }\r\n    <\/style><div class=\"ums_map_opts\" id=\"mapConElem_1_4618\" data-id=\"1\" data-view-id=\"1_4618\" > <div class=\"umsMapDetailsContainer\" id=\"umsMapDetailsContainer_1_4618\"> <i class=\"umsKMLLayersPreloader fa fa-spinner fa-spin\" aria-hidden=\"true\" style=\"display: none;\"><\/i> <div class=\"ums_MapPreview\" id=\"ultimate_maps_1_4618\"><\/div> <\/div> <div class=\"umsMapMarkerFilters\" id=\"umsMapMarkerFilters_1_4618\"> <\/div> <div class=\"umsMapProControlsCon\" id=\"umsMapProControlsCon_1_4618\"> <a title=\"WordPress Map Plugin\" style=\"display:none;\" href=\"https:\/\/supsystic.com\/plugins\/google-maps-plugin\/?utm_medium=love_link_hide\" target=\"_blank\">WordPress Map Plugin<\/a><div style=\"clear: both;\"><\/div> <\/div> <div class=\"umsMapProDirectionsCon\" id=\"umsMapProDirectionsCon_1_4618\" > <\/div> <div class=\"umsMapProKmlFilterCon\" id=\"umsMapProKmlFilterCon_1_4618\" > <\/div> <div class=\"umsSocialSharingShell umsSocialSharingShell_1_4618\"> <\/div> <div style=\"clear: both;\"><\/div> <\/div><\/div>\n\t\t\t\t\t\t<\/div>\n\t\t\t\t<\/div>\n\t\t\t\t\t<\/div>\n\t\t<\/div>\n\t\t\t\t\t<\/div>\n\t\t<\/section>\n\t\t\t\t<section class=\"elementor-section elementor-top-section elementor-element elementor-element-5d99250 elementor-section-boxed elementor-section-height-default elementor-section-height-default\" data-id=\"5d99250\" data-element_type=\"section\" data-e-type=\"section\">\n\t\t\t\t\t\t<div class=\"elementor-container elementor-column-gap-default\">\n\t\t\t\t\t<div class=\"elementor-column elementor-col-100 elementor-top-column elementor-element elementor-element-7197c859\" data-id=\"7197c859\" data-element_type=\"column\" data-e-type=\"column\">\n\t\t\t<div class=\"elementor-widget-wrap elementor-element-populated\">\n\t\t\t\t\t\t<div class=\"elementor-element elementor-element-7aec794f elementor-align-center elementor-widget elementor-widget-button\" data-id=\"7aec794f\" data-element_type=\"widget\" data-e-type=\"widget\" data-widget_type=\"button.default\">\n\t\t\t\t<div class=\"elementor-widget-container\">\n\t\t\t\t\t\t\t\t\t<div class=\"elementor-button-wrapper\">\n\t\t\t\t\t<a class=\"elementor-button elementor-button-link elementor-size-lg elementor-animation-bounce-out\" href=\"https:\/\/www.ttp-kunststoffprofile.de\/nl\/partner\/\">\n\t\t\t\t\t\t<span class=\"elementor-button-content-wrapper\">\n\t\t\t\t\t\t<span class=\"elementor-button-icon\">\n\t\t\t\t<svg aria-hidden=\"true\" class=\"e-font-icon-svg e-fas-arrow-circle-right\" viewbox=\"0 0 512 512\" xmlns=\"http:\/\/www.w3.org\/2000\/svg\"><path d=\"M256 8c137 0 248 111 248 248S393 504 256 504 8 393 8 256 119 8 256 8zm-28.9 143.6l75.5 72.4H120c-13.3 0-24 10.7-24 24v16c0 13.3 10.7 24 24 24h182.6l-75.5 72.4c-9.7 9.3-9.9 24.8-.4 34.3l11 10.9c9.4 9.4 24.6 9.4 33.9 0L404.3 273c9.4-9.4 9.4-24.6 0-33.9L271.6 106.3c-9.4-9.4-24.6-9.4-33.9 0l-11 10.9c-9.5 9.6-9.3 25.1.4 34.4z\"><\/path><\/svg>\t\t\t<\/span>\n\t\t\t\t\t\t\t\t\t<span class=\"elementor-button-text\">Onze partners<\/span>\n\t\t\t\t\t<\/span>\n\t\t\t\t\t<\/a>\n\t\t\t\t<\/div>\n\t\t\t\t\t\t\t\t<\/div>\n\t\t\t\t<\/div>\n\t\t\t\t\t<\/div>\n\t\t<\/div>\n\t\t\t\t\t<\/div>\n\t\t<\/section>\n\t\t\t\t<\/div>","protected":false},"excerpt":{"rendered":"<p>U bent enthousiast over de diverse toepassingsgebieden van onze buitenprofielen en wilt uw eigen huis ermee verfraaien? Met de dealerzoekfunctie vindt u gemakkelijk een partner bij u in de buurt! Onze partner<\/p>","protected":false},"author":1,"featured_media":0,"parent":429,"menu_order":0,"comment_status":"closed","ping_status":"closed","template":"","meta":{"footnotes":""},"class_list":["post-364","page","type-page","status-publish","hentry"],"yoast_head":"<!-- This site is optimized with the Yoast SEO plugin v27.3 - https:\/\/yoast.com\/product\/yoast-seo-wordpress\/ -->\n<title>H\u00e4ndlersuche | ttp Kunststoffprofile<\/title>\n<meta name=\"robots\" content=\"index, follow, max-snippet:-1, max-image-preview:large, max-video-preview:-1\" \/>\n<link rel=\"canonical\" href=\"https:\/\/www.ttp-kunststoffprofile.de\/nl\/resysta\/haendlersuche\/\" \/>\n<meta property=\"og:locale\" content=\"nl_NL\" \/>\n<meta property=\"og:type\" content=\"article\" \/>\n<meta property=\"og:title\" content=\"H\u00e4ndlersuche | ttp Kunststoffprofile\" \/>\n<meta property=\"og:description\" content=\"Bezugsm\u00f6glichkeiten unserer Produkte H\u00e4ndlersuche Sie sind von den vielf\u00e4ltigen Anwendungsbereichen unserer Outdoorprofile begeistert und m\u00f6chten damit gerne Ihr Eigenheim versch\u00f6nern? Mit der H\u00e4ndlersuche finden Sie leicht einen Partner in Ihrer N\u00e4he! Unsere Partner\" \/>\n<meta property=\"og:url\" content=\"https:\/\/www.ttp-kunststoffprofile.de\/nl\/resysta\/haendlersuche\/\" \/>\n<meta property=\"og:site_name\" content=\"TTP Kunststoffprofile\" \/>\n<meta property=\"article:publisher\" content=\"https:\/\/www.facebook.com\/ttppapenburg\" \/>\n<meta property=\"article:modified_time\" content=\"2022-11-09T16:38:30+00:00\" \/>\n<meta name=\"twitter:card\" content=\"summary_large_image\" \/>\n<meta name=\"twitter:label1\" content=\"Geschatte leestijd\" \/>\n\t<meta name=\"twitter:data1\" content=\"1 minuut\" \/>\n<script type=\"application\/ld+json\" class=\"yoast-schema-graph\">{\"@context\":\"https:\\\/\\\/schema.org\",\"@graph\":[{\"@type\":\"WebPage\",\"@id\":\"https:\\\/\\\/www.ttp-kunststoffprofile.de\\\/resysta\\\/haendlersuche\\\/\",\"url\":\"https:\\\/\\\/www.ttp-kunststoffprofile.de\\\/resysta\\\/haendlersuche\\\/\",\"name\":\"H\u00e4ndlersuche | ttp Kunststoffprofile\",\"isPartOf\":{\"@id\":\"https:\\\/\\\/www.ttp-kunststoffprofile.de\\\/#website\"},\"datePublished\":\"2022-06-27T16:57:06+00:00\",\"dateModified\":\"2022-11-09T16:38:30+00:00\",\"breadcrumb\":{\"@id\":\"https:\\\/\\\/www.ttp-kunststoffprofile.de\\\/resysta\\\/haendlersuche\\\/#breadcrumb\"},\"inLanguage\":\"nl-NL\",\"potentialAction\":[{\"@type\":\"ReadAction\",\"target\":[\"https:\\\/\\\/www.ttp-kunststoffprofile.de\\\/resysta\\\/haendlersuche\\\/\"]}]},{\"@type\":\"BreadcrumbList\",\"@id\":\"https:\\\/\\\/www.ttp-kunststoffprofile.de\\\/resysta\\\/haendlersuche\\\/#breadcrumb\",\"itemListElement\":[{\"@type\":\"ListItem\",\"position\":1,\"name\":\"Startseite\",\"item\":\"https:\\\/\\\/www.ttp-kunststoffprofile.de\\\/\"},{\"@type\":\"ListItem\",\"position\":2,\"name\":\"Resysta\",\"item\":\"https:\\\/\\\/www.ttp-kunststoffprofile.de\\\/resysta\\\/\"},{\"@type\":\"ListItem\",\"position\":3,\"name\":\"H\u00e4ndlersuche\"}]},{\"@type\":\"WebSite\",\"@id\":\"https:\\\/\\\/www.ttp-kunststoffprofile.de\\\/#website\",\"url\":\"https:\\\/\\\/www.ttp-kunststoffprofile.de\\\/\",\"name\":\"TTP Kunststoffprofile\",\"description\":\"Hersteller f\u00fcr Kunststoffprofile\",\"publisher\":{\"@id\":\"https:\\\/\\\/www.ttp-kunststoffprofile.de\\\/#organization\"},\"potentialAction\":[{\"@type\":\"SearchAction\",\"target\":{\"@type\":\"EntryPoint\",\"urlTemplate\":\"https:\\\/\\\/www.ttp-kunststoffprofile.de\\\/?s={search_term_string}\"},\"query-input\":{\"@type\":\"PropertyValueSpecification\",\"valueRequired\":true,\"valueName\":\"search_term_string\"}}],\"inLanguage\":\"nl-NL\"},{\"@type\":\"Organization\",\"@id\":\"https:\\\/\\\/www.ttp-kunststoffprofile.de\\\/#organization\",\"name\":\"ttp Papenburg\",\"url\":\"https:\\\/\\\/www.ttp-kunststoffprofile.de\\\/\",\"logo\":{\"@type\":\"ImageObject\",\"inLanguage\":\"nl-NL\",\"@id\":\"https:\\\/\\\/www.ttp-kunststoffprofile.de\\\/#\\\/schema\\\/logo\\\/image\\\/\",\"url\":\"https:\\\/\\\/www.ttp-kunststoffprofile.de\\\/wp-content\\\/uploads\\\/2022\\\/06\\\/TTP_Papenburg_Logo-scaled-1.jpg\",\"contentUrl\":\"https:\\\/\\\/www.ttp-kunststoffprofile.de\\\/wp-content\\\/uploads\\\/2022\\\/06\\\/TTP_Papenburg_Logo-scaled-1.jpg\",\"width\":2560,\"height\":1732,\"caption\":\"ttp Papenburg\"},\"image\":{\"@id\":\"https:\\\/\\\/www.ttp-kunststoffprofile.de\\\/#\\\/schema\\\/logo\\\/image\\\/\"},\"sameAs\":[\"https:\\\/\\\/www.facebook.com\\\/ttppapenburg\",\"https:\\\/\\\/www.instagram.com\\\/ttppapenburg\\\/\",\"https:\\\/\\\/www.youtube.com\\\/@ttppapenburg\",\"https:\\\/\\\/www.linkedin.com\\\/company\\\/ttp-papenburg\\\/\"]}]}<\/script>\n<!-- \/ Yoast SEO plugin. -->","yoast_head_json":{"title":"Dealer zoeken | ttp kunststofprofielen","robots":{"index":"index","follow":"follow","max-snippet":"max-snippet:-1","max-image-preview":"max-image-preview:large","max-video-preview":"max-video-preview:-1"},"canonical":"https:\/\/www.ttp-kunststoffprofile.de\/nl\/resysta\/haendlersuche\/","og_locale":"nl_NL","og_type":"article","og_title":"H\u00e4ndlersuche | ttp Kunststoffprofile","og_description":"Bezugsm\u00f6glichkeiten unserer Produkte H\u00e4ndlersuche Sie sind von den vielf\u00e4ltigen Anwendungsbereichen unserer Outdoorprofile begeistert und m\u00f6chten damit gerne Ihr Eigenheim versch\u00f6nern? Mit der H\u00e4ndlersuche finden Sie leicht einen Partner in Ihrer N\u00e4he! Unsere Partner","og_url":"https:\/\/www.ttp-kunststoffprofile.de\/nl\/resysta\/haendlersuche\/","og_site_name":"TTP Kunststoffprofile","article_publisher":"https:\/\/www.facebook.com\/ttppapenburg","article_modified_time":"2022-11-09T16:38:30+00:00","twitter_card":"summary_large_image","twitter_misc":{"Geschatte leestijd":"1 minuut"},"schema":{"@context":"https:\/\/schema.org","@graph":[{"@type":"WebPage","@id":"https:\/\/www.ttp-kunststoffprofile.de\/resysta\/haendlersuche\/","url":"https:\/\/www.ttp-kunststoffprofile.de\/resysta\/haendlersuche\/","name":"Dealer zoeken | ttp kunststofprofielen","isPartOf":{"@id":"https:\/\/www.ttp-kunststoffprofile.de\/#website"},"datePublished":"2022-06-27T16:57:06+00:00","dateModified":"2022-11-09T16:38:30+00:00","breadcrumb":{"@id":"https:\/\/www.ttp-kunststoffprofile.de\/resysta\/haendlersuche\/#breadcrumb"},"inLanguage":"nl-NL","potentialAction":[{"@type":"ReadAction","target":["https:\/\/www.ttp-kunststoffprofile.de\/resysta\/haendlersuche\/"]}]},{"@type":"BreadcrumbList","@id":"https:\/\/www.ttp-kunststoffprofile.de\/resysta\/haendlersuche\/#breadcrumb","itemListElement":[{"@type":"ListItem","position":1,"name":"Startseite","item":"https:\/\/www.ttp-kunststoffprofile.de\/"},{"@type":"ListItem","position":2,"name":"Resysta","item":"https:\/\/www.ttp-kunststoffprofile.de\/resysta\/"},{"@type":"ListItem","position":3,"name":"H\u00e4ndlersuche"}]},{"@type":"WebSite","@id":"https:\/\/www.ttp-kunststoffprofile.de\/#website","url":"https:\/\/www.ttp-kunststoffprofile.de\/","name":"TTP kunststofprofielen","description":"Fabrikant van kunststofprofielen","publisher":{"@id":"https:\/\/www.ttp-kunststoffprofile.de\/#organization"},"potentialAction":[{"@type":"SearchAction","target":{"@type":"EntryPoint","urlTemplate":"https:\/\/www.ttp-kunststoffprofile.de\/?s={search_term_string}"},"query-input":{"@type":"PropertyValueSpecification","valueRequired":true,"valueName":"search_term_string"}}],"inLanguage":"nl-NL"},{"@type":"Organization","@id":"https:\/\/www.ttp-kunststoffprofile.de\/#organization","name":"ttp Papenburg","url":"https:\/\/www.ttp-kunststoffprofile.de\/","logo":{"@type":"ImageObject","inLanguage":"nl-NL","@id":"https:\/\/www.ttp-kunststoffprofile.de\/#\/schema\/logo\/image\/","url":"https:\/\/www.ttp-kunststoffprofile.de\/wp-content\/uploads\/2022\/06\/TTP_Papenburg_Logo-scaled-1.jpg","contentUrl":"https:\/\/www.ttp-kunststoffprofile.de\/wp-content\/uploads\/2022\/06\/TTP_Papenburg_Logo-scaled-1.jpg","width":2560,"height":1732,"caption":"ttp Papenburg"},"image":{"@id":"https:\/\/www.ttp-kunststoffprofile.de\/#\/schema\/logo\/image\/"},"sameAs":["https:\/\/www.facebook.com\/ttppapenburg","https:\/\/www.instagram.com\/ttppapenburg\/","https:\/\/www.youtube.com\/@ttppapenburg","https:\/\/www.linkedin.com\/company\/ttp-papenburg\/"]}]}},"_links":{"self":[{"href":"https:\/\/www.ttp-kunststoffprofile.de\/nl\/wp-json\/wp\/v2\/pages\/364","targetHints":{"allow":["GET"]}}],"collection":[{"href":"https:\/\/www.ttp-kunststoffprofile.de\/nl\/wp-json\/wp\/v2\/pages"}],"about":[{"href":"https:\/\/www.ttp-kunststoffprofile.de\/nl\/wp-json\/wp\/v2\/types\/page"}],"author":[{"embeddable":true,"href":"https:\/\/www.ttp-kunststoffprofile.de\/nl\/wp-json\/wp\/v2\/users\/1"}],"replies":[{"embeddable":true,"href":"https:\/\/www.ttp-kunststoffprofile.de\/nl\/wp-json\/wp\/v2\/comments?post=364"}],"version-history":[{"count":10,"href":"https:\/\/www.ttp-kunststoffprofile.de\/nl\/wp-json\/wp\/v2\/pages\/364\/revisions"}],"predecessor-version":[{"id":2818,"href":"https:\/\/www.ttp-kunststoffprofile.de\/nl\/wp-json\/wp\/v2\/pages\/364\/revisions\/2818"}],"up":[{"embeddable":true,"href":"https:\/\/www.ttp-kunststoffprofile.de\/nl\/wp-json\/wp\/v2\/pages\/429"}],"wp:attachment":[{"href":"https:\/\/www.ttp-kunststoffprofile.de\/nl\/wp-json\/wp\/v2\/media?parent=364"}],"curies":[{"name":"wp","href":"https:\/\/api.w.org\/{rel}","templated":true}]}}